{"id":627,"date":"2016-08-27T08:52:26","date_gmt":"2016-08-27T07:52:26","guid":{"rendered":"http:\/\/msm-krefeld.de\/wp\/?page_id=627"},"modified":"2016-08-27T08:52:26","modified_gmt":"2016-08-27T07:52:26","slug":"medienscouts-am-msm","status":"publish","type":"page","link":"http:\/\/msm-krefeld.de\/wp\/medienscouts-am-msm\/","title":{"rendered":"Medienscouts am MSM"},"content":{"rendered":"<p>Seit dem Schuljahr 2014\/15 gibt es die Medienscouts auch am MSM.<br \/>\nSie helfen den Sch\u00fclerinnen und Sch\u00fclern im Umgang mit sozialen Medien wie z.B. Facebook, Instagram, Snapchat, Whats App und Twitter. Au\u00dferdem wollen sie die Sch\u00fclerinnen und Sch\u00fcler zu einem verantwortungsbewussten Umgang sensibilisieren und \u00fcber die Gefahren und Risiken aufkl\u00e4ren. \u00a0Im Schuljahr 2014\/15 wurden zwei M\u00e4dchen und zwei Jungen von der Landesanstalt f\u00fcr Medien zu den Themen Beratung, Internet und Sicherheit, Social Communities, Handy und Computerspiele ausgebildet.\u00a0Mittlerweile besteht das Team der Medienscouts aus sechs M\u00e4dchen und f\u00fcnf Jungen aus der Jahrgangsstufe 8-Q1.<\/p>\n<p>Die Medienscouts haben in Workshops gelernt, wie sie die Sch\u00fclerinnen und Sch\u00fcler mit der so genannten Peer-to-Peer Beratung (\u201eSch\u00fcler helfen Sch\u00fcler\u201c) unterst\u00fctzen k\u00f6nnen. Die Peer-to-Peer Beratung wird in Form von Klassenfortbildungen und individueller anonymer Beratung (pers\u00f6nlich oder per Email) angeboten.\u00a0Dieses Angebot soll nachhaltig \u00fcber immer wiederkehrende Ausbildung neuer Medienscouts an unserer Schule beibehalten und erweitert werden.<\/p>\n<p>Die Medienscouts werden von Frau Helling und Frau Raven begleitet und entwickeln ihre Arbeit stetig weiter (u.a. auch durch Teilnahme an Fortbildungen).<br \/>\nFolgende Projekte werden zurzeit geplant und sollen zeitnah umgesetzt werden:<\/p>\n<ul>\n<li>eigene Facebook Seite<\/li>\n<li>Homepage auf der MSM Seite<\/li>\n<li>Klassenprojekte in den unteren Jahrgangsstufen<\/li>\n<\/ul>\n<p>Bei Fragen und Problemen kann man sich an folgende Adresse wenden: <em><strong>medienscouts(at)msm-gymnasium-krefeld.de<\/strong><\/em><\/p>\n<p>Die Medienscouts<\/p>\n","protected":false},"excerpt":{"rendered":"<p>Seit dem Schuljahr 2014\/15 gibt es die Medienscouts auch am MSM. Sie helfen den Sch\u00fclerinnen und Sch\u00fclern im Umgang mit sozialen Medien wie z.B. Facebook, Instagram, Snapchat, Whats App und Twitter. Au\u00dferdem wollen sie die Sch\u00fclerinnen und Sch\u00fcler zu einem verantwortungsbewussten Umgang sensibilisieren und \u00fcber die Gefahren und Risiken aufkl\u00e4ren. \u00a0Im Schuljahr 2014\/15 wurden zwei <a href=\"http:\/\/msm-krefeld.de\/wp\/medienscouts-am-msm\/\" class=\"more-link\">...weiterlesen<span class=\"screen-reader-text\"> \"Medienscouts am MSM\"<\/span><\/a><\/p>\n","protected":false},"author":1,"featured_media":0,"parent":0,"menu_order":0,"comment_status":"closed","ping_status":"closed","template":"","meta":{"spay_email":""},"jetpack_shortlink":"https:\/\/wp.me\/P7JAwp-a7","_links":{"self":[{"href":"http:\/\/msm-krefeld.de\/wp\/wp-json\/wp\/v2\/pages\/627"}],"collection":[{"href":"http:\/\/msm-krefeld.de\/wp\/wp-json\/wp\/v2\/pages"}],"about":[{"href":"http:\/\/msm-krefeld.de\/wp\/wp-json\/wp\/v2\/types\/page"}],"author":[{"embeddable":true,"href":"http:\/\/msm-krefeld.de\/wp\/wp-json\/wp\/v2\/users\/1"}],"replies":[{"embeddable":true,"href":"http:\/\/msm-krefeld.de\/wp\/wp-json\/wp\/v2\/comments?post=627"}],"version-history":[{"count":1,"href":"http:\/\/msm-krefeld.de\/wp\/wp-json\/wp\/v2\/pages\/627\/revisions"}],"predecessor-version":[{"id":629,"href":"http:\/\/msm-krefeld.de\/wp\/wp-json\/wp\/v2\/pages\/627\/revisions\/629"}],"wp:attachment":[{"href":"http:\/\/msm-krefeld.de\/wp\/wp-json\/wp\/v2\/media?parent=627"}],"curies":[{"name":"wp","href":"https:\/\/api.w.org\/{rel}","templated":true}]}}