{"id":5514,"date":"2023-11-06T10:47:03","date_gmt":"2023-11-06T09:47:03","guid":{"rendered":"http:\/\/msm-krefeld.de\/wp\/?page_id=5514"},"modified":"2023-11-27T10:45:37","modified_gmt":"2023-11-27T09:45:37","slug":"ausserunterrichtliche-lernorte","status":"publish","type":"page","link":"http:\/\/msm-krefeld.de\/wp\/profil\/ausserunterrichtliche-lernorte\/","title":{"rendered":"Au\u00dferunterrichtliche Lernorte"},"content":{"rendered":"<p><strong>Zirkus mal anders - der \"Magic Mathworks Travelling Circus\"<\/strong><\/p>\n<p style=\"text-align: justify;\">In der Woche vom 22. bis zum 26. Mai 2023 besuchte Paul Stephenson vom \u201eMagic Mathworks Travelling Circus\u201c das MSM- Gymnasium. Er arbeitet schon seit 34 Jahren mit Sch\u00fclerinnen und Sch\u00fclern zusammen und kommt urspr\u00fcnglich aus <a href=\"https:\/\/i2.wp.com\/msm-krefeld.de\/wp\/wp-content\/uploads\/2023\/06\/IMG_7090.jpg\"><img loading=\"lazy\" class=\"size-medium wp-image-5364 alignleft\" src=\"https:\/\/i2.wp.com\/msm-krefeld.de\/wp\/wp-content\/uploads\/2023\/06\/IMG_7090.jpg?resize=300%2C225\" alt=\"\" width=\"300\" height=\"225\" srcset=\"https:\/\/i2.wp.com\/msm-krefeld.de\/wp\/wp-content\/uploads\/2023\/06\/IMG_7090.jpg?resize=300%2C225 300w, https:\/\/i2.wp.com\/msm-krefeld.de\/wp\/wp-content\/uploads\/2023\/06\/IMG_7090.jpg?w=640 640w\" sizes=\"(max-width: 300px) 100vw, 300px\" data-recalc-dims=\"1\" \/><\/a>England. Zu der Veranstaltung brachte er zahlreiche und vielseitige Experimente mit, welche die Sch\u00fclerinnen und Sch\u00fcler der Klassen 5 bis 7 spielerisch an die Mathematik heranf\u00fchren sollten.<\/p>\n<p style=\"text-align: justify;\">Nach einer kurzen Einf\u00fchrung, bei der gemeinsam ausgew\u00e4hlte Experimente erprobt wurden, hatten die Sch\u00fclerinnen und Sch\u00fcler die M\u00f6glichkeit selbstst\u00e4ndig <a href=\"https:\/\/i2.wp.com\/msm-krefeld.de\/wp\/wp-content\/uploads\/2023\/06\/IMG_7093.jpg\"><img loading=\"lazy\" class=\"alignright size-medium wp-image-5365\" src=\"https:\/\/i2.wp.com\/msm-krefeld.de\/wp\/wp-content\/uploads\/2023\/06\/IMG_7093.jpg?resize=300%2C290\" alt=\"\" width=\"300\" height=\"290\" srcset=\"https:\/\/i2.wp.com\/msm-krefeld.de\/wp\/wp-content\/uploads\/2023\/06\/IMG_7093.jpg?resize=300%2C290 300w, https:\/\/i2.wp.com\/msm-krefeld.de\/wp\/wp-content\/uploads\/2023\/06\/IMG_7093.jpg?w=640 640w\" sizes=\"(max-width: 300px) 100vw, 300px\" data-recalc-dims=\"1\" \/><\/a>Stationen auszuw\u00e4hlen und diese zu bearbeiten. Themen wie Symmetrie, Heuristik und auch Fibonaccizahlen waren ausgestellt und wurden einfach und verst\u00e4ndlich erkl\u00e4rt. \u00dcberwiegend gab es Aufgaben, die den Sch\u00fclerinnen und Sch\u00fclern das Zeichnen und Zusammensetzen von mathematischen K\u00f6rpern und Formen abverlangten. Besonderen Gefallen fanden die Sch\u00fclerinnen und Sch\u00fcler an der Station \u201eKartenausmalen\u201c, an der sie aus Bauteilen die unterschiedlichsten Formen <a href=\"https:\/\/i2.wp.com\/msm-krefeld.de\/wp\/wp-content\/uploads\/2023\/06\/IMG_7095.jpg\"><img loading=\"lazy\" class=\"size-medium wp-image-5366 alignleft\" src=\"https:\/\/i2.wp.com\/msm-krefeld.de\/wp\/wp-content\/uploads\/2023\/06\/IMG_7095.jpg?resize=300%2C225\" alt=\"\" width=\"300\" height=\"225\" srcset=\"https:\/\/i2.wp.com\/msm-krefeld.de\/wp\/wp-content\/uploads\/2023\/06\/IMG_7095.jpg?resize=300%2C225 300w, https:\/\/i2.wp.com\/msm-krefeld.de\/wp\/wp-content\/uploads\/2023\/06\/IMG_7095.jpg?w=640 640w\" sizes=\"(max-width: 300px) 100vw, 300px\" data-recalc-dims=\"1\" \/><\/a>kreieren konnten. An zweiter Stelle stand die \u201eF\u00fchlbox\u201c die vor allem die Kommunikation untereinander f\u00f6rderte, da sich die Sch\u00fclerinnen und Sch\u00fcler gegenseitig ihre zuvor gebauten Figuren beschreiben und anschlie\u00dfend nachbauen sollten. Diese Station steht als Beispiel daf\u00fcr, dass die Veranstaltung nicht darauf basiert Mathematik isoliert darzustellen und zu lehren, sondern auch dazu dient den <a href=\"https:\/\/i1.wp.com\/msm-krefeld.de\/wp\/wp-content\/uploads\/2023\/06\/IMG_7096.jpg\"><img loading=\"lazy\" class=\"alignright size-medium wp-image-5367\" src=\"https:\/\/i1.wp.com\/msm-krefeld.de\/wp\/wp-content\/uploads\/2023\/06\/IMG_7096.jpg?resize=300%2C288\" alt=\"\" width=\"300\" height=\"288\" srcset=\"https:\/\/i1.wp.com\/msm-krefeld.de\/wp\/wp-content\/uploads\/2023\/06\/IMG_7096.jpg?resize=300%2C288 300w, https:\/\/i1.wp.com\/msm-krefeld.de\/wp\/wp-content\/uploads\/2023\/06\/IMG_7096.jpg?w=640 640w\" sizes=\"(max-width: 300px) 100vw, 300px\" data-recalc-dims=\"1\" \/><\/a>Teamgeist der Sch\u00fclerinnen und Sch\u00fcler anzukurbeln. Genau diese R\u00fcckmeldung gab auch der Sch\u00fcler Neo: \u201e<em>Ich finde es gut, dass man mit Freunden arbeiten kann und nicht allein<\/em>.\u201c<\/p>\n<p style=\"text-align: justify;\">Auch der spielerische Schwerpunkt kam bei den Sch\u00fclerinnen und Sch\u00fclern sehr gut an. \u201e<em>Es ist sch\u00f6n in der Mathematik herumzuspielen\u201c<\/em> sagte Johannes, der sich zusammen mit seinem Freund Neo sehr engagiert zeigte. Die Sch\u00fclerin <a href=\"https:\/\/i2.wp.com\/msm-krefeld.de\/wp\/wp-content\/uploads\/2023\/06\/IMG_7109.jpg\"><img loading=\"lazy\" class=\"size-medium wp-image-5368 alignleft\" src=\"https:\/\/i2.wp.com\/msm-krefeld.de\/wp\/wp-content\/uploads\/2023\/06\/IMG_7109.jpg?resize=225%2C300\" alt=\"\" width=\"225\" height=\"300\" srcset=\"https:\/\/i2.wp.com\/msm-krefeld.de\/wp\/wp-content\/uploads\/2023\/06\/IMG_7109.jpg?resize=225%2C300 225w, https:\/\/i2.wp.com\/msm-krefeld.de\/wp\/wp-content\/uploads\/2023\/06\/IMG_7109.jpg?w=480 480w\" sizes=\"(max-width: 225px) 100vw, 225px\" data-recalc-dims=\"1\" \/><\/a>Angelina beschrieb die Experimente als \u201e<em>gut<\/em>\u201c, \u201e<em>spannend<\/em>\u201c und \u201e<em>interessant<\/em>\u201c. Herr Stephenson sagt allerdings, dass das spielerische Lernen nur einen positiven Effekt auf die Schullaufbahn der Kinder habe, wenn sie selbst dazu bereit sind sich tiefgr\u00fcndiger mit den Themen zu besch\u00e4ftigen. Um ausf\u00fchrliche und vollst\u00e4ndige Kenntnisse in der Mathematik zu erhalten w\u00fcrde das spielerische Lernen also keineswegs ausreichen, es sei aber ein guter Einstieg f\u00fcr j\u00fcngere Klassen, auf die die Experimente schlie\u00dflich auch ausgerichtet sind. F\u00fcr \u00e4ltere Jahrg\u00e4nge bietet er in seiner Heimat in Whales Unterricht an, in dem Bereiche tiefgreifender behandelt und genauer erl\u00e4utert werden. W\u00e4hrend den eineinhalb Stunden, in denen die <a href=\"https:\/\/i1.wp.com\/msm-krefeld.de\/wp\/wp-content\/uploads\/2023\/06\/IMG_7105.jpg\"><img loading=\"lazy\" class=\"alignright size-medium wp-image-5369\" src=\"https:\/\/i1.wp.com\/msm-krefeld.de\/wp\/wp-content\/uploads\/2023\/06\/IMG_7105.jpg?resize=300%2C215\" alt=\"\" width=\"300\" height=\"215\" srcset=\"https:\/\/i1.wp.com\/msm-krefeld.de\/wp\/wp-content\/uploads\/2023\/06\/IMG_7105.jpg?resize=300%2C215 300w, https:\/\/i1.wp.com\/msm-krefeld.de\/wp\/wp-content\/uploads\/2023\/06\/IMG_7105.jpg?w=640 640w\" sizes=\"(max-width: 300px) 100vw, 300px\" data-recalc-dims=\"1\" \/><\/a>jeweiligen Sch\u00fclergruppen die verschiedenen Stationen durchliefen, stand Herr Stephenson jederzeit bereit, um Fragen der Sch\u00fclerinnen und Sch\u00fcler zu beantworten und unterst\u00fctzte sie mit gro\u00dfer Freude.<\/p>\n<p style=\"text-align: justify;\">Insgesamt bot die Veranstaltung eine gute M\u00f6glichkeit, eine Alternative zum allt\u00e4glichen Unterricht zu erfahren. Zus\u00e4tzlich wurden die Sch\u00fclerinnen und Sch\u00fcler durch unz\u00e4hlige Eindr\u00fccke und reichlich neues Wissen gepr\u00e4gt. In einer Sache sind sie sich Alle einig: \u201eEs w\u00e4re sch\u00f6n, wenn es \u00f6fter solche Veranstaltungen g\u00e4be\u201c.<\/p>\n<p style=\"text-align: justify;\"><em>Anna Friedrich, Klasse 9c<\/em><\/p>\n<hr \/>\n<p style=\"text-align: justify;\"><strong>2. Youth Science Camp Krefeld<\/strong><br \/>\n<strong>- KReate Future 2022: Digitalisierung und k\u00fcnstliche Intelligenz -<\/strong><\/p>\n<p style=\"text-align: justify;\"><a href=\"https:\/\/i2.wp.com\/msm-krefeld.de\/wp\/wp-content\/uploads\/2023\/11\/YS-1.jpg\"><img loading=\"lazy\" class=\"alignright size-full wp-image-5561\" src=\"https:\/\/i2.wp.com\/msm-krefeld.de\/wp\/wp-content\/uploads\/2023\/11\/YS-1.jpg?resize=268%2C295\" alt=\"\" width=\"268\" height=\"295\" data-recalc-dims=\"1\" \/><\/a>Am 20.6.2022 fand in der Mediothek Krefeld das diesj\u00e4hrige KReate Future statt. Bei diesem nehmen Sch\u00fcler und Sch\u00fclerinnen ab der Jahrgangsstufe 9 der Krefelder Schulen teil. Vom MSM nahmen wir mit sieben Teilnehmern der Jahrgangsstufe Q1 teil, die besonders an den Naturwissenschaften interessiert sind. Um 9 Uhr startete der ereignisreiche Tag f\u00fcr uns ohne unsere Lehrkraft Frau Grolig, die zu unserem Bedauern kurzfristig an Corona erkrankte. Durch ihr Engagement im Voraus ergab ihre Abwesenheit zum Gl\u00fcck kein Problem im Laufe des Tages.<\/p>\n<p style=\"text-align: justify;\">Niklas Siepen er\u00f6ffnete den Tag und erkl\u00e4rte den Ablauf. Zuerst bekamen wir drei Impulsreferate im Themenbereich digitaler Wandel zu h\u00f6ren, danach wurden uns Firmen vorgestellt die Berufe in diesen Bereichen anbieten. Die Vertreter der <a href=\"https:\/\/i2.wp.com\/msm-krefeld.de\/wp\/wp-content\/uploads\/2023\/11\/YS-2.jpg\"><img loading=\"lazy\" class=\"alignleft size-full wp-image-5562\" src=\"https:\/\/i2.wp.com\/msm-krefeld.de\/wp\/wp-content\/uploads\/2023\/11\/YS-2.jpg?resize=349%2C224\" alt=\"\" width=\"349\" height=\"224\" srcset=\"https:\/\/i2.wp.com\/msm-krefeld.de\/wp\/wp-content\/uploads\/2023\/11\/YS-2.jpg?w=349 349w, https:\/\/i2.wp.com\/msm-krefeld.de\/wp\/wp-content\/uploads\/2023\/11\/YS-2.jpg?resize=300%2C193 300w\" sizes=\"(max-width: 349px) 100vw, 349px\" data-recalc-dims=\"1\" \/><\/a>Firmen und die Sprecher der Impulsreferate standen uns im Verlauf des Tages bei Fragen zur Seite. Nun ging es mit dem Ideensammeln los. Diese wurden anschlie\u00dfend in verschiedene Kategorien geclustert. Anschlie\u00dfend ging es in die Arbeitsphase, wo wir unsere Ideen diskutiert und recherchiert haben. Von der Mediothek wurden uns IPads, Laptops und alle m\u00f6glichen B\u00fccher zur Verf\u00fcgung gestellt. Unsere Gruppe bestand aus den sieben Sch\u00fclern des MSM (Constantin Jonat, Deniz Cakmak, Jens Wolters, Karina Wunsch, Paul Lengfeld, Valerie Rast, Yiming Mao). Wir beschlossen uns mit dem Thema KI und Ethik auseinanderzusetzen und diskutierten auch mit vielen Vertretern der Firmen Ideen und L\u00f6sungsm\u00f6glichkeiten um mit dem Thema in der Zukunft umzugehen.<\/p>\n<p style=\"text-align: justify;\">Zur St\u00e4rkung stand ab 13:00 Uhr au\u00dferhalb der Mediothek ein Pizzatruck, bei dem es kostenlos Pizzabr\u00f6tchen und Pizzast\u00fccke gab. Ab 16 Uhr konnten die verschiedenen Gruppen mit den selbstausgedachten Gruppennamen ihre Ideen und Konzepte den Firmen und den anderen Teilnehmern pr\u00e4sentieren. W\u00e4hrend der Vortr\u00e4ge durften die Jury und das Publikum per QR Code die Ideen der Gruppen bewerten, sodass am Ende drei Publikums- und drei Jury-Pl\u00e4tze vergeben wurden. Die Jury bestand aus den Vertretern der Unternehmen und Experten in bestimmten Fachgebieten.<\/p>\n<p style=\"text-align: justify;\"><a href=\"https:\/\/i2.wp.com\/msm-krefeld.de\/wp\/wp-content\/uploads\/2023\/11\/YS-3.jpg\"><img loading=\"lazy\" class=\"alignright size-full wp-image-5563\" src=\"https:\/\/i2.wp.com\/msm-krefeld.de\/wp\/wp-content\/uploads\/2023\/11\/YS-3.jpg?resize=338%2C208\" alt=\"\" width=\"338\" height=\"208\" srcset=\"https:\/\/i2.wp.com\/msm-krefeld.de\/wp\/wp-content\/uploads\/2023\/11\/YS-3.jpg?w=338 338w, https:\/\/i2.wp.com\/msm-krefeld.de\/wp\/wp-content\/uploads\/2023\/11\/YS-3.jpg?resize=300%2C185 300w\" sizes=\"(max-width: 338px) 100vw, 338px\" data-recalc-dims=\"1\" \/><\/a>Unsere Gruppe erzielte beim Publikum den zweiten Platz. Bei jeder Platzierung konnte man sich zwischen 3 Geschenken aussuchen. Die Unternehmen hatten die M\u00f6glichkeit ihre Kontaktdaten an einzelne Gruppen weiterzugeben, um mit diesen in den weiteren Austausch zu kommen und eventuell um Ideen umzusetzen. Um den Teamgeist zu st\u00e4rken gab es f\u00fcr jede Gruppe die Chance ein T-Shirt mit dem Gruppennamen bedrucken zu lassen. Zudem hat man ein Goodie Bag mit vielen tollen Werbegeschenken zum Abschluss erhalten. Alles in allem war es ein interessanter, informativer und ereignisreicher Tag, den wir den nachfolgenden Jahrgangsstufen weiterempfehlen. Wir hatten als Gruppe sehr viel Spa\u00df auch wenn wir uns gew\u00fcnscht h\u00e4tten, dass Frau Grolig h\u00e4tte dabei sein k\u00f6nnen.<\/p>\n<p style=\"text-align: justify;\"><em>Karina Wunsch und Valerie Rast (Abiturjahrgang 2023)<\/em><\/p>\n<p>&nbsp;<\/p>\n<p style=\"text-align: justify;\">\n<p>&nbsp;<\/p>\n","protected":false},"excerpt":{"rendered":"<p>Zirkus mal anders - der \"Magic Mathworks Travelling Circus\" In der Woche vom 22. bis zum 26. Mai 2023 besuchte Paul Stephenson vom \u201eMagic Mathworks Travelling Circus\u201c das MSM- Gymnasium. Er arbeitet schon seit 34 Jahren mit Sch\u00fclerinnen und Sch\u00fclern zusammen und kommt urspr\u00fcnglich aus England. Zu der Veranstaltung brachte er zahlreiche und vielseitige Experimente <a href=\"http:\/\/msm-krefeld.de\/wp\/profil\/ausserunterrichtliche-lernorte\/\" class=\"more-link\">...weiterlesen<span class=\"screen-reader-text\"> \"Au\u00dferunterrichtliche Lernorte\"<\/span><\/a><\/p>\n","protected":false},"author":1,"featured_media":0,"parent":5493,"menu_order":0,"comment_status":"closed","ping_status":"closed","template":"","meta":{"spay_email":""},"jetpack_shortlink":"https:\/\/wp.me\/P7JAwp-1qW","_links":{"self":[{"href":"http:\/\/msm-krefeld.de\/wp\/wp-json\/wp\/v2\/pages\/5514"}],"collection":[{"href":"http:\/\/msm-krefeld.de\/wp\/wp-json\/wp\/v2\/pages"}],"about":[{"href":"http:\/\/msm-krefeld.de\/wp\/wp-json\/wp\/v2\/types\/page"}],"author":[{"embeddable":true,"href":"http:\/\/msm-krefeld.de\/wp\/wp-json\/wp\/v2\/users\/1"}],"replies":[{"embeddable":true,"href":"http:\/\/msm-krefeld.de\/wp\/wp-json\/wp\/v2\/comments?post=5514"}],"version-history":[{"count":5,"href":"http:\/\/msm-krefeld.de\/wp\/wp-json\/wp\/v2\/pages\/5514\/revisions"}],"predecessor-version":[{"id":5585,"href":"http:\/\/msm-krefeld.de\/wp\/wp-json\/wp\/v2\/pages\/5514\/revisions\/5585"}],"up":[{"embeddable":true,"href":"http:\/\/msm-krefeld.de\/wp\/wp-json\/wp\/v2\/pages\/5493"}],"wp:attachment":[{"href":"http:\/\/msm-krefeld.de\/wp\/wp-json\/wp\/v2\/media?parent=5514"}],"curies":[{"name":"wp","href":"https:\/\/api.w.org\/{rel}","templated":true}]}}