{"id":5505,"date":"2023-11-06T10:44:42","date_gmt":"2023-11-06T09:44:42","guid":{"rendered":"http:\/\/msm-krefeld.de\/wp\/?page_id=5505"},"modified":"2023-11-27T10:34:09","modified_gmt":"2023-11-27T09:34:09","slug":"wettbewerbe","status":"publish","type":"page","link":"http:\/\/msm-krefeld.de\/wp\/profil\/wettbewerbe\/","title":{"rendered":"Wettbewerbe"},"content":{"rendered":"<p style=\"text-align: justify;\"><strong>K\u00e4nguru Wettbewerb<\/strong><\/p>\n<p style=\"text-align: justify;\"><a href=\"https:\/\/i2.wp.com\/msm-krefeld.de\/wp\/wp-content\/uploads\/2023\/11\/Wettbewerb-Kaenguru.jpg\"><img loading=\"lazy\" class=\"aligncenter size-full wp-image-5550\" src=\"https:\/\/i2.wp.com\/msm-krefeld.de\/wp\/wp-content\/uploads\/2023\/11\/Wettbewerb-Kaenguru.jpg?resize=625%2C224\" alt=\"\" width=\"625\" height=\"224\" srcset=\"https:\/\/i2.wp.com\/msm-krefeld.de\/wp\/wp-content\/uploads\/2023\/11\/Wettbewerb-Kaenguru.jpg?w=710 710w, https:\/\/i2.wp.com\/msm-krefeld.de\/wp\/wp-content\/uploads\/2023\/11\/Wettbewerb-Kaenguru.jpg?resize=300%2C108 300w\" sizes=\"(max-width: 625px) 100vw, 625px\" data-recalc-dims=\"1\" \/><\/a>Der K\u00e4nguru-Wettbewerb ist ein internationaler Einzelwettbewerb, der traditionsgem\u00e4\u00df am dritten Donnerstag im M\u00e4rz stattfindet. In mittlerweile 80 L\u00e4ndern knobeln Sch\u00fclerinnen und Sch\u00fcler innerhalb von 75 Minuten an den Multiple Choice Aufgaben. Mittlerweile ist es Tradition am MSM, dass alle f\u00fcnften und sechsten Klassen unserer Schule daran teilnehmen - dar\u00fcber hinaus gibt es auch immer zahlreiche interessierte Sch\u00fclerinnen und Sch\u00fcler aus den Jahrgangsstufen 7 bis Q2, die sich den f\u00fcnften und sechsten Klassen anschlie\u00dfen.<\/p>\n<p>F\u00fcr weitere Informationen und einen Einblick in die Aufgaben der letzten Jahre:<br \/>\n<a href=\"https:\/\/www.mathe-kaenguru.de\">https:\/\/www.mathe-kaenguru.de<\/a><\/p>\n<p style=\"text-align: justify;\">Organisation: Frau Grolig<br \/>\nKlassenstufe: Jg. 5 bis Q2<br \/>\nTermin: dritter Donnerstag im M\u00e4rz<br \/>\n(Ausnahme 18.04.2024, aufgrund der Osterferien in einigen Bundesl\u00e4ndern)<\/p>\n<p style=\"text-align: justify;\"><strong>Mathematik-Olympiade<\/strong><br \/>\n<a href=\"https:\/\/i2.wp.com\/msm-krefeld.de\/wp\/wp-content\/uploads\/2023\/11\/Wettbewerb-Oly.jpg\"><img loading=\"lazy\" class=\"alignright size-thumbnail wp-image-5552\" src=\"https:\/\/i2.wp.com\/msm-krefeld.de\/wp\/wp-content\/uploads\/2023\/11\/Wettbewerb-Oly.jpg?resize=150%2C150\" alt=\"\" width=\"150\" height=\"150\" data-recalc-dims=\"1\" \/><\/a>Die Mathematik-Olympiade wendet sich an alle Sch\u00fclerinnen und Sch\u00fcler, die schon fr\u00fch Spa\u00df an interessant gestellten Aufgaben auch au\u00dferhalb des Schulstoffes versp\u00fcren. Das Ziel der Olympiade ist es, Freude und Interesse am Fach Mathematik zu wecken und interessierte und begabte Sch\u00fcler zu erkennen und zu f\u00f6rdern. Die erste Runde wird im September eines jeden Jahres \u2013 als Hausaufgabenwettbewerb - von den einzelnen Schulen durchgef\u00fchrt. In der Krefelder Regionalrunde misst man sich dann mit den Teilnehmern der anderen Schulen. Highlight des regionalen Kalenders ist das mathematische Wochenende im Januar\/Februar.<\/p>\n<p>F\u00fcr weitere Informationen und einen Einblick in die Aufgaben der letzten Jahre:<br \/>\n<a href=\"https:\/\/www.mathematik-olympiaden.de\/moev\/index.php\">https:\/\/www.mathematik-olympiaden.de\/moev\/index.php<\/a><\/p>\n<p style=\"text-align: justify;\">Organisation: Frau Vo\u00df<br \/>\nKlassenstufe: Jg. 5 bis Q2<br \/>\nTermin: Hausaufgabenrunde im August\/September<\/p>\n<p style=\"text-align: justify;\"><strong>Bundeswettbewerb der Mathematik<\/strong><br \/>\n<a href=\"https:\/\/i0.wp.com\/msm-krefeld.de\/wp\/wp-content\/uploads\/2023\/11\/Wettbewerb-BW-Mathe.jpg\"><img loading=\"lazy\" class=\"alignright size-full wp-image-5549\" src=\"https:\/\/i0.wp.com\/msm-krefeld.de\/wp\/wp-content\/uploads\/2023\/11\/Wettbewerb-BW-Mathe.jpg?resize=244%2C78\" alt=\"\" width=\"244\" height=\"78\" data-recalc-dims=\"1\" \/><\/a>Beim Bundeswettbewerb der Mathematik muss zun\u00e4chst in einer Hausaufgabenrunde mit vier Aufgaben aus den Themengebieten Geometrie, Kombinatorik, Zahlentheorie und Algebra das eigene K\u00f6nnen unter Beweis gestellt werden. In dieser Runde darf allein oder als Gruppe mit bis zu drei Personen zusammengearbeitet werden. Nach einer anschlie\u00dfenden zweiten Runde, die ebenfalls in Hausarbeit stattfindet, m\u00fcssen sich die Teilnehmenden in einem einst\u00fcndigen Fachgespr\u00e4ch vor Mathematikerinnen und Mathematiker aus Schule und Hochschule behaupten.<\/p>\n<p>F\u00fcr weitere Informationen und einen Einblick in die Aufgaben der letzten Jahre:<br \/>\n<a href=\"https:\/\/www.mathe-wettbewerbe.de\/bundeswettbewerb-mathematik\">https:\/\/www.mathe-wettbewerbe.de\/bundeswettbewerb-mathematik<\/a><\/p>\n<p style=\"text-align: justify;\">Organisation: Frau Grolig<br \/>\nKlassenstufe: Jg. 5 bis Q2 (empfohlen eher f\u00fcr die<br \/>\nSekundarstufe II)<br \/>\nTermin: Oktober bis M\u00e4rz<\/p>\n<p style=\"text-align: justify;\"><strong>Bonner Mathematikturnier<\/strong><br \/>\n<a href=\"https:\/\/i1.wp.com\/msm-krefeld.de\/wp\/wp-content\/uploads\/2023\/11\/AG-Bonn.jpg\"><img loading=\"lazy\" class=\"alignright size-full wp-image-5538\" src=\"https:\/\/i1.wp.com\/msm-krefeld.de\/wp\/wp-content\/uploads\/2023\/11\/AG-Bonn.jpg?resize=160%2C164\" alt=\"\" width=\"160\" height=\"164\" data-recalc-dims=\"1\" \/><\/a>1992 wurde die Idee schon in unserem Nachbarland, den Niederlanden umgesetzt und seit 2008 auch bei uns in Deutschland. Ein Matheturnier, bei dem die Schulen gegeneinander antreten. Jede Schule entsendet 5 Sch\u00fclerinnen und Sch\u00fcler, die die Schule im Turnier vertreten und nicht nur in einer mathematischen Staffel, sondern auch in einem freien Teil \u00fcberzeugen m\u00fcssen. Das Niveau liegt deutlich \u00fcber Schulniveau, thematisch wird jedes Jahr ein neuer Schwerpunkt gesetzt. Von unserer Schule nehmen in jedem Jahr f\u00fcnf Sch\u00fclerinnen und Sch\u00fcler der Jahrgangsstufe Q1\/Q2 teil, vornehmlich aus den Mathematik-Leistungskursen.<\/p>\n<p>F\u00fcr weitere Informationen und einen Einblick in die Aufgaben der letzten Jahre:<br \/>\n<a href=\"https:\/\/www.mathematics.uni-bonn.de\/mathematik-in-bonn\/schulportal\/bonner-mathematikturnier\">https:\/\/www.mathematics.uni-bonn.de\/mathematik-in-bonn\/schulportal\/bonner-mathematikturnier<\/a><\/p>\n<p style=\"text-align: justify;\">Organisation: Herr Bauschke\/ Frau Grolig<br \/>\nKlassenstufe: Jg. Q1\/Q2 (empfohlen Mathematik-Leistungskurs)<br \/>\nTermin: September<\/p>\n<p style=\"text-align: justify;\"><strong>Mathe im Advent<\/strong><br \/>\n<a href=\"https:\/\/i2.wp.com\/msm-krefeld.de\/wp\/wp-content\/uploads\/2023\/11\/Wettbewerb-Advent.jpg\"><img loading=\"lazy\" class=\"alignright size-full wp-image-5547\" src=\"https:\/\/i2.wp.com\/msm-krefeld.de\/wp\/wp-content\/uploads\/2023\/11\/Wettbewerb-Advent.jpg?resize=293%2C130\" alt=\"\" width=\"293\" height=\"130\" data-recalc-dims=\"1\" \/><\/a>Der etwas andere Adventskalender begleitet dich durch die Weihnachtszeit. An 24 Tagen muss jeweils eine Aufgabe der Weihnachtswichtel gel\u00f6st werden, wobei es jeweils vier Antwortm\u00f6glichkeiten gibt. Seit dem Schuljahr 2022\/23 nehmen wir gesammelt mit den Klassen 5 bis 9 an der Aktion Mathe im Advent teil. Es gibt tolle Preise zu gewinnen - Dar\u00fcber hinaus erh\u00e4lt die Klasse, die am besten abschneidet, den Klassenpreis unserer Schule (50\u20ac Zuschuss f\u00fcr das n\u00e4chste Klassenfest) - also Teamgeist f\u00fcr deine Klasse z\u00e4hlt. Lasst euch von den Weihnachtswichteln verzaubern.<\/p>\n<p>F\u00fcr weitere Informationen und einen Einblick in die Aufgaben der letzten Jahre:<br \/>\n<a href=\"https:\/\/www.mathe-im-advent.de\/de\/\">https:\/\/www.mathe-im-advent.de\/de\/<\/a><\/p>\n<p style=\"text-align: justify;\">Organisation: Frau Grolig<br \/>\nKlassenstufe: Jg. 5 bis 9<br \/>\nTermin: 1. bis 24. Dezember<\/p>\n<p><strong>Online-Team-Wettbewerb<\/strong><\/p>\n<p style=\"text-align: justify;\"><a href=\"https:\/\/i2.wp.com\/msm-krefeld.de\/wp\/wp-content\/uploads\/2023\/11\/Mathe-Treff.jpg\"><img loading=\"lazy\" class=\"alignright size-thumbnail wp-image-5581\" src=\"https:\/\/i2.wp.com\/msm-krefeld.de\/wp\/wp-content\/uploads\/2023\/11\/Mathe-Treff.jpg?resize=150%2C150\" alt=\"\" width=\"150\" height=\"150\" data-recalc-dims=\"1\" \/><\/a>Beim Online-Team-Wettbewerb der Bezirksregierung D\u00fcsseldorf handelt es sich im Gegensatz zu vielen anderen Mathematikwettbewerben um einen Wettbewerb, der als Team bestritten wird und traditionsgem\u00e4\u00df am letzten Mittwoch vor den Sommerferien stattfindet. In Gruppen von zwei bis f\u00fcnf Sch\u00fclerinnen und Sch\u00fclern werden die Aufgaben am Morgen heruntergeladen, bearbeitet und bis 13 Uhr die L\u00f6sungen hochgeladen. Die Aufgaben erfordern nicht nur einen Knobelgeist, sondern immer auch ein St\u00fcck Kreativit\u00e4t. Die Siegerteams werden in feierlichem Rahmen von der Regierungspr\u00e4sidentin geehrt und erhalten attraktive Preise.<\/p>\n<p>F\u00fcr weitere Informationen:<br \/>\n<a href=\"https:\/\/www.brd.nrw.de\/themen\/schule-bildung\/lerntreffs\/mathematik\/online-team-wettbewerb\">https:\/\/www.brd.nrw.de\/themen\/schule-bildung\/lerntreffs\/mathematik\/online-team-wettbewerb<\/a><\/p>\n<p>Aufgaben aus dem Jahr 2019:<br \/>\n<a href=\"https:\/\/otw2019.mathe-treff.de\">https:\/\/otw2019.mathe-treff.de<\/a><\/p>\n<p>Organisation: Frau Grolig<br \/>\nKlassenstufe: Jg. 5 bis Q2<br \/>\nTermin: Mittwoch vor den Sommerferien<\/p>\n<p style=\"text-align: justify;\"><strong>Informatik-Biber<\/strong><br \/>\n<a href=\"https:\/\/i2.wp.com\/msm-krefeld.de\/wp\/wp-content\/uploads\/2023\/11\/Wettbewerb-Biber.jpg\"><img loading=\"lazy\" class=\"alignright size-full wp-image-5548\" src=\"https:\/\/i2.wp.com\/msm-krefeld.de\/wp\/wp-content\/uploads\/2023\/11\/Wettbewerb-Biber.jpg?resize=139%2C189\" alt=\"\" width=\"139\" height=\"189\" data-recalc-dims=\"1\" \/><\/a>J\u00e4hrlich im November gr\u00fc\u00dft der Informatik-Biber. Alle Sch\u00fclerinnen und Sch\u00fcler sind eingeladen an diesem Informatik-Wettbewerb teilzunehmen, der von zu Hause aus bearbeitet werden kann. Verpflichtend nehmen alle sechsten und achten Klassen unserer Schule im Rahmen des Informatik-Unterrichtes daran teil.<\/p>\n<p>F\u00fcr weitere Informationen und einen Einblick in die Aufgaben der letzten Jahre:<br \/>\n<a href=\"https:\/\/bwinf.de\/biber\/\">https:\/\/bwinf.de\/biber\/<\/a><\/p>\n<p style=\"text-align: justify;\">Organisation: Herr Kus\/ Herr Ulrich<br \/>\nKlassenstufe: Jg. 5 bis Q2<br \/>\nTermin: November<\/p>\n<p style=\"text-align: justify;\">\n","protected":false},"excerpt":{"rendered":"<p>K\u00e4nguru Wettbewerb Der K\u00e4nguru-Wettbewerb ist ein internationaler Einzelwettbewerb, der traditionsgem\u00e4\u00df am dritten Donnerstag im M\u00e4rz stattfindet. In mittlerweile 80 L\u00e4ndern knobeln Sch\u00fclerinnen und Sch\u00fcler innerhalb von 75 Minuten an den Multiple Choice Aufgaben. Mittlerweile ist es Tradition am MSM, dass alle f\u00fcnften und sechsten Klassen unserer Schule daran teilnehmen - dar\u00fcber hinaus gibt es auch <a href=\"http:\/\/msm-krefeld.de\/wp\/profil\/wettbewerbe\/\" class=\"more-link\">...weiterlesen<span class=\"screen-reader-text\"> \"Wettbewerbe\"<\/span><\/a><\/p>\n","protected":false},"author":1,"featured_media":0,"parent":5493,"menu_order":0,"comment_status":"closed","ping_status":"closed","template":"","meta":{"spay_email":""},"jetpack_shortlink":"https:\/\/wp.me\/P7JAwp-1qN","_links":{"self":[{"href":"http:\/\/msm-krefeld.de\/wp\/wp-json\/wp\/v2\/pages\/5505"}],"collection":[{"href":"http:\/\/msm-krefeld.de\/wp\/wp-json\/wp\/v2\/pages"}],"about":[{"href":"http:\/\/msm-krefeld.de\/wp\/wp-json\/wp\/v2\/types\/page"}],"author":[{"embeddable":true,"href":"http:\/\/msm-krefeld.de\/wp\/wp-json\/wp\/v2\/users\/1"}],"replies":[{"embeddable":true,"href":"http:\/\/msm-krefeld.de\/wp\/wp-json\/wp\/v2\/comments?post=5505"}],"version-history":[{"count":6,"href":"http:\/\/msm-krefeld.de\/wp\/wp-json\/wp\/v2\/pages\/5505\/revisions"}],"predecessor-version":[{"id":5582,"href":"http:\/\/msm-krefeld.de\/wp\/wp-json\/wp\/v2\/pages\/5505\/revisions\/5582"}],"up":[{"embeddable":true,"href":"http:\/\/msm-krefeld.de\/wp\/wp-json\/wp\/v2\/pages\/5493"}],"wp:attachment":[{"href":"http:\/\/msm-krefeld.de\/wp\/wp-json\/wp\/v2\/media?parent=5505"}],"curies":[{"name":"wp","href":"https:\/\/api.w.org\/{rel}","templated":true}]}}