{"id":466,"date":"2016-08-05T09:39:21","date_gmt":"2016-08-05T08:39:21","guid":{"rendered":"http:\/\/msm-krefeld.de\/wp\/?page_id=466"},"modified":"2016-08-05T09:39:21","modified_gmt":"2016-08-05T08:39:21","slug":"musik","status":"publish","type":"page","link":"http:\/\/msm-krefeld.de\/wp\/musik\/","title":{"rendered":"Musik"},"content":{"rendered":"<p><strong>Das Fach Musik am MSM<\/strong><\/p>\n<p><strong>Schulinternes Curriculum<\/strong><\/p>\n<p>Der allgemeinbildende Musikunterricht in den Klassen und Kursen ist der g\u00fcnstige Ort zur Erarbeitung musikspezifischer Kompetenzen im Sinne des Kernlehrplans. Sowohl handlungsbezogene wie auch musikalisch-\u00e4sthetische F\u00e4higkeiten werden einbezogen in die Anbahnung und Realisierung individueller kreativer T\u00e4tigkeit. Es ist der gesch\u00fctzte Ort des Ausprobierens, \u00dcberpr\u00fcfens, Reflektierens und Beurteilens in unterschiedlichen fachlichen und sozialen Kontexten. Die Ensembles sind prim\u00e4r der Ort des gemeinsamen Musizierens, der gemeinsamen, koordinierten und zielgerichteten Arbeit im Sinne des Probens und Einstudierens, der Konzerte und Auff\u00fchrungen.<br \/>\nDie Fachschaft Musik hat nach diesen Vorgaben und unter Ber\u00fccksichtigung verschiedener Lehrb\u00fccher (Musik um uns, Spielpl\u00e4ne, \u2026) ihr eigenes schulinternes Curriculum f\u00fcr die Sek. I erstellt.<br \/>\nZiel des Musikunterrichts ist der Sch\u00fcler als m\u00fcndiger H\u00f6rer. Ihm soll durch den Unterricht die aktive Teilnahme an musikalischer Kommunikation erm\u00f6glicht werden. Dazu soll er in den Bereichen Realisation, Rezeption und Reflexion geschult werden (s. u.).<\/p>\n<p>Die gymnasiale Oberstufe setzt die Arbeit der Sek. I fort, wobei der Stellenwert des wissenschaftsprop\u00e4deutischen Lernens und Arbeitens zunimmt.<br \/>\nIm ersten Jahr der Oberstufe \u00fcbernimmt der Musikunterricht inhaltlich und methodisch die wissenschaftsprop\u00e4deutische Vorbereitung f\u00fcr die Qualifikationsphase. Die Behandlung von Unterrichtsvorhaben im Musikunterricht erfolgt innerhalb der curricular vorgegebenen vier Lernbereiche: Musik gewinnt Ausdruck vor dem Hintergrund von Gestaltungsregeln, Musik erh\u00e4lt Bedeutung durch Interpretation, Musik hat geschichtlich sich ver\u00e4ndernden Gehalt, Musik wird zur Aussage durch Verwendungszusammenh\u00e4nge).<\/p>\n<p>Die Themen der Qualifikationsphase richten sich nach den vier Lernbereichen des Faches und den verbindlichen curricularen Vorgaben des Zentralabiturs, die alle zwei Jahre wechseln. Diese werden durch kontextualisierende Materialien wie auch durch das Lehrbuch der Oberstufe (Musik um uns) erg\u00e4nzt.<br \/>\nEine Einrichtung vokal- und instrumentalpraktischer Kurse bzw. das Anrechnen von AG-T\u00e4tigkeiten wird derzeit diskutiert. Im ersten Jahr der Oberstufe \u00fcbernimmt der Musikunterricht inhaltlich und methodisch die wissenschaftsprop\u00e4deutische Vorbereitung f\u00fcr die Qualifikationsphase. Eine besondere Form wissenschaftsprop\u00e4deutischen Arbeitens stellt die Facharbeit der Jahrgangsstufe 12 dar, durch die eine Klausur ersetzt werden kann.<\/p>\n<p><strong>F\u00f6rderung<\/strong><\/p>\n<p>Im Fach Musik sind die Kompetenzen der Sch\u00fcler sehr heterogen gepr\u00e4gt. Neben denen, die durch ihr famili\u00e4res Umfeld und privaten Instrumentalunterricht bereits Vorkenntnisse auf hohem Niveau mitbringen, gibt es auf der anderen Seite Sch\u00fcler, f\u00fcr die z. B. der Umgang mit der Stimme eine neue Erfahrung darstellt. Hier setzt der Musikunterricht an, indem er \u00fcber die erste Ermittlung des Kenntnisstandes individuelle F\u00f6rderma\u00dfnahmen er\u00f6ffnet.<br \/>\nAlle Sch\u00fclerinnen und Sch\u00fcler haben die M\u00f6glichkeit, an den Ensembles ihrer Jahrgangsstufen als AG teilzunehmen.<br \/>\n\u2022 f\u00fcr die Jgst. 5\/6 Unterstufenchor<br \/>\n\u2022 f\u00fcr die Jgst. 7-12 Chor-AG<br \/>\n\u2022 f\u00fcr die Jgst. 5-12 Bigband<br \/>\n\u2022 f\u00fcr die Jgst. 5-12 Orchester<br \/>\nNeben der Teilnahme an verschiedenen AG\u2019s unterschiedlicher Anforderungen (z. B. Orchester, Big-Band, Ch\u00f6re, Rockschool, Percussion-AG,\u2026) wird den Sch\u00fclern das individuelle Erlernen eines Instruments erm\u00f6glicht. Dabei wurde darauf geachtet, dass die Schwelle m\u00f6glichst niedrig zu gestalteten, indem der Unterricht in die R\u00e4umlichkeiten der Schule verlegt wurde und teilweise von Oberstufensch\u00fclern erteilt wird. Auch Leihinstrumente werden vergeben.<br \/>\nGanz bewusst verzichtete das MSM bisher auf die Einrichtung sog. Instrumentalklassen (Streicher-, Bl\u00e4serklassen), da uns dieser Weg ungeeignet scheint, den individuellen Bed\u00fcrfnissen heterogener Begabungen gerecht zu werden, und bei der gro\u00dfen Gruppenst\u00e4rke innerhalb einer Klasse u. E. immer nur ein Minimalniveau erreicht werden kann.<br \/>\nDie Fachschaft Musik ist der Meinung, dass durch h\u00e4ufiges Singen in den Unterstufenklassen Musikalit\u00e4t, Sensibilit\u00e4t und praktische Kompetenz am besten gef\u00f6rdert werden k\u00f6nnen.<\/p>\n<p><strong>Methodische Kompetenzen<\/strong><\/p>\n<p>Die Sch\u00fcler lernen \u00fcber die Teilbereiche Realisation, Rezeption und Reflexion. Auf jeder Entwicklungsstufe findet eine Durchdringung aller drei Bereiche statt.<br \/>\nMusikmachen erfolgt also nie ohne Musikh\u00f6ren sowie gleichzeitiges Nachdenken \u00fcber das Unterrichtsgeschehen.<\/p>\n<p>Beispiele:<br \/>\n- Singen<br \/>\nTeilbereiche: bewusste Atmung, Unterschied Kopf-Bruststimme, Tonerzeugung, Entwicklungsgeschichte des Liedes<br \/>\n- Werkbetrachtung<br \/>\nTeilbereiche: Erstellung von H\u00f6rpartituren, Musizieren bestimmter Ausschnitte, musiktheoretische Analyse<br \/>\n- Musikfunktionen<br \/>\nTeilbereiche (z. B. Filmmusik): bewusstes H\u00f6ren, Bearbeiten von Sekund\u00e4rliteratur, eigene Produktionen<\/p>\n<p>Es ergeben sich u. a. folgende Kompetenzen:<br \/>\n- Beherrschen von Methoden zur musikalischen Analyse (Umgang mit der Fachsprache)<br \/>\n- Kennen lernen von Methoden zur Geh\u00f6rbildung<br \/>\n- Erlernen von Methoden zum musikalischen Gestalten und Komponieren<br \/>\n- Erlernen von Pr\u00e4sentationstechniken (durch Projekte und Referate)<br \/>\n- Kennen lernen gruppenteiliger Arbeitsformen (z.B. \u00fcber Methoden des kooperativen Lernens) und dabei erfahren, dass jeder Einzelne f\u00fcr das Ergebnis einer ganzen Gruppe verantwortlich ist<br \/>\n- Verbesserung der Organisationsf\u00e4higkeit \u00fcber Formen des selbstst\u00e4ndigen Lernens<br \/>\nDar\u00fcber hinaus wird die Entwicklung sozialer Kompetenzen gef\u00f6rdert (z. B. wird \u00fcber das Arbeiten in der Gruppe, durch gemeinsames Musizieren, Aufeinander-H\u00f6ren das Miteinander in einer Gruppe verbessert).<\/p>\n<p><strong>F\u00e4cherverbindendes\/f\u00e4cher\u00fcbergreifendes Lernen<\/strong><\/p>\n<p>In vielen Unterrichtsreihen innerhalb des Faches Musik ergeben sich M\u00f6glichkeiten zum f\u00e4cherverbindenden und f\u00e4cher\u00fcbergreifenden Lernen, d. h. es kann ein Bezug zu anderen F\u00e4chern der Sch\u00fcler hergestellt werden, um so den Sch\u00fclern durch gedankliche Vernetzungen das Lernen zu erleichtern. Hierbei wird auch mit Kollegen anderer F\u00e4cher zusammengearbeitet.<\/p>\n<p>M\u00f6gliche Unterrichtsreihen sind z. B. :<\/p>\n<ul>\n<li>H\u00f6ren als musikalischer und physikalischer Prozess (Mu, Ph)<\/li>\n<li>H\u00f6rsch\u00e4den (Mu, Ph, Bi)<\/li>\n<li>Tiere in der Musik (Mu, Bi, D, F)<\/li>\n<li>Epochen, Stile, Gattungen (Mu, alle Sprachen, Ku, Ge, Reli)<\/li>\n<li>Musik und Politik (Mu, Pk)<\/li>\n<li>Rituelle Musik (Mu, Reli)<\/li>\n<li>Balladen (Mu, De)<\/li>\n<li>Musiktheorie (Mu, M)<\/li>\n<li>\u2026<\/li>\n<\/ul>\n<p>Es haben bereits f\u00e4cher\u00fcbergreifende Projekte zu den oben genannten und auch anderen Bereichen stattgefunden. H\u00e4ufig m\u00fcndeten sie in ein Schulkonzert, Literaturcaf\u00e9 oder einen bunten Abend.<br \/>\nDie Fachschaft Musik bem\u00fcht sich zurzeit um ein regelm\u00e4\u00dfig stattfindendes Projekt der Stufen 9 oder 10, gemeinsam mit dem Fach Kunst, bzw. mit den geisteswissenschaftlichen F\u00e4chern zum Themenbereich Epochen, Stile, Gattungen.<\/p>\n<p><strong>Neue Medien<\/strong><\/p>\n<p>Im Musikunterricht spielt der Umgang mit Medien eine wichtige Rolle. Zum einen werden aufgrund der Ausstattung der Musikr\u00e4ume sowohl Computer als auch Smartboard eingesetzt. Dies f\u00fchrt dazu, dass auch die Sch\u00fcler mit diesen arbeiten (z. B. f\u00fcr Pr\u00e4sentationen). Notensatzprogramme erg\u00e4nzen die Arbeit im Unterricht.<br \/>\nZudem werden die Sch\u00fcler durch den gezielten Einsatz des Internets f\u00fcr Unterrichtszwecke (z. B. Youtube f\u00fcr H\u00f6rbeispiele, Konzertausschnitte usw.) zu einem sinnvollen Umgang mit diesen Medien herangef\u00fchrt. Zum anderen werden die Charts-Videos, mit denen die Sch\u00fcler im Alltag konfrontiert sind, kritisch durchleuchtet. Mechanismen der Musikbranche in Radio, Fernsehen und Internet werden bewusst gemacht. Au\u00dferdem wird mit musikalischen Internetseiten gearbeitet (z. B. musiktheoretische Inhalte wie Geh\u00f6rbildung, Recherche).<\/p>\n<p><strong>Au\u00dferschulische Lernorte\/Kooperationen<\/strong><\/p>\n<p>Das Fach Musik bietet zahlreiche M\u00f6glichkeiten der Kooperation.<br \/>\na) Schul\u00fcbergreifende Kooperationen:<br \/>\nz. B. Orchester- und Konzertprojekte mit Arndt-Gymnasium, Fichte-Gymnasium, Gymnasium am Moltkeplatz, Ter-Meer-Realschule<br \/>\nb) Kooperation mit Krefelder Kirchenmusikern:<br \/>\nz. B. \u201eCarmina-Burana-Projekt\u201c zum 50-j\u00e4hrigen Bestehen der Schule 2011 mit 2 Krefelder Ch\u00f6ren, Lehrer, Eltern und Sch\u00fclern<br \/>\nc) Kooperation mit Marketing-Gemeinschaften,<br \/>\n- z. B. Werbering der Stadt (Candlelight-Shopping) unterst\u00fctzt durch den Unterstufenchor der Schule<br \/>\n- Stra\u00dfenfest \u201eFischeln Open\u201c mit der Big Band<br \/>\nd) Kooperation mit Theater\/Opernh\u00e4usern<br \/>\n- Opernbesuche in Krefeld oder D\u00fcsseldorf<br \/>\n- Workshops mit Theaterp\u00e4dagogen in der Schule<br \/>\ne) Kooperation mit den Niederrheinischen Sinfonikern: Musikpaten besuchen die Kinder im Unterricht und arbeiten mit ihnen. Abgerundet wird das Patenschaftsprogramm durch einen gemeinsamen Besuch eines Sinfoniekonzertes.<br \/>\nAu\u00dferdem ist auch der Besuch von Generalproben m\u00f6glich, wo die Sch\u00fcler an verschiedene Musikwerke herangef\u00fchrt werden und die Probenarbeit im Orchester kennenlernen k\u00f6nnen.<br \/>\nf) \u201eRhapsody in school\u201c: Ein Orchestermusiker und ein Dirigent besuchen die Sch\u00fcler der 5. Klassen und bringen ihnen anschaulich ihre Arbeit n\u00e4her.<\/p>\n","protected":false},"excerpt":{"rendered":"<p>Das Fach Musik am MSM Schulinternes Curriculum Der allgemeinbildende Musikunterricht in den Klassen und Kursen ist der g\u00fcnstige Ort zur Erarbeitung musikspezifischer Kompetenzen im Sinne des Kernlehrplans. Sowohl handlungsbezogene wie auch musikalisch-\u00e4sthetische F\u00e4higkeiten werden einbezogen in die Anbahnung und Realisierung individueller kreativer T\u00e4tigkeit. Es ist der gesch\u00fctzte Ort des Ausprobierens, \u00dcberpr\u00fcfens, Reflektierens und Beurteilens in <a href=\"http:\/\/msm-krefeld.de\/wp\/musik\/\" class=\"more-link\">...weiterlesen<span class=\"screen-reader-text\"> \"Musik\"<\/span><\/a><\/p>\n","protected":false},"author":1,"featured_media":0,"parent":0,"menu_order":0,"comment_status":"closed","ping_status":"closed","template":"","meta":{"spay_email":""},"jetpack_shortlink":"https:\/\/wp.me\/P7JAwp-7w","_links":{"self":[{"href":"http:\/\/msm-krefeld.de\/wp\/wp-json\/wp\/v2\/pages\/466"}],"collection":[{"href":"http:\/\/msm-krefeld.de\/wp\/wp-json\/wp\/v2\/pages"}],"about":[{"href":"http:\/\/msm-krefeld.de\/wp\/wp-json\/wp\/v2\/types\/page"}],"author":[{"embeddable":true,"href":"http:\/\/msm-krefeld.de\/wp\/wp-json\/wp\/v2\/users\/1"}],"replies":[{"embeddable":true,"href":"http:\/\/msm-krefeld.de\/wp\/wp-json\/wp\/v2\/comments?post=466"}],"version-history":[{"count":1,"href":"http:\/\/msm-krefeld.de\/wp\/wp-json\/wp\/v2\/pages\/466\/revisions"}],"predecessor-version":[{"id":468,"href":"http:\/\/msm-krefeld.de\/wp\/wp-json\/wp\/v2\/pages\/466\/revisions\/468"}],"wp:attachment":[{"href":"http:\/\/msm-krefeld.de\/wp\/wp-json\/wp\/v2\/media?parent=466"}],"curies":[{"name":"wp","href":"https:\/\/api.w.org\/{rel}","templated":true}]}}