{"id":3467,"date":"2020-08-26T08:56:36","date_gmt":"2020-08-26T07:56:36","guid":{"rendered":"http:\/\/msm-krefeld.de\/wp\/?page_id=3467"},"modified":"2020-08-26T08:56:36","modified_gmt":"2020-08-26T07:56:36","slug":"chinesisch-lernen-chinesisch-kurs-der-krefelder-schulen","status":"publish","type":"page","link":"http:\/\/msm-krefeld.de\/wp\/chinesisch-lernen-chinesisch-kurs-der-krefelder-schulen\/","title":{"rendered":"Chinesisch lernen &#8211; Chinesisch Kurs der Krefelder Schulen"},"content":{"rendered":"<p>F\u00fcr alle Interessierten bietet die Initiative der Gesellschaft f\u00fcr Deutsch-Chinesische Freundschaft Krefeld-Niederrhein e.V. die M\u00f6glichkeit, in einem dreij\u00e4hrigen Kurs die chinesische Sprache zu erlernen und die chinesische Kultur kennenzulernen. Die beteiligten Schulen pflegen auch einen regelm\u00e4\u00dfigen Austausch mit Xue Jun High School in Hangzhou\/China. Alles Weitere finden Sie hier:<\/p>\n<p><a href=\"http:\/\/msm-krefeld.de\/wp\/wp-content\/uploads\/2020\/08\/Zeitplan-fuer-Sprachenberatung-Chinesisch-2020-2021-1.pdf\">Zeitplan f\u00fcr Sprachenberatung Chinesisch 2020 2021<\/a><\/p>\n<p><a href=\"http:\/\/msm-krefeld.de\/wp\/wp-content\/uploads\/2020\/08\/Beratungspapier-fuer-Schueler-2020.pdf\">Beratungspapier f\u00fcr Sch\u00fcler 2020<\/a><\/p>\n<p><a href=\"http:\/\/msm-krefeld.de\/wp\/wp-content\/uploads\/2020\/08\/2020-Formular-Anmeldung-Chinesisch.pdf\">2020 Formular Anmeldung Chinesisch<\/a><\/p>\n","protected":false},"excerpt":{"rendered":"<p>F\u00fcr alle Interessierten bietet die Initiative der Gesellschaft f\u00fcr Deutsch-Chinesische Freundschaft Krefeld-Niederrhein e.V. die M\u00f6glichkeit, in einem dreij\u00e4hrigen Kurs die chinesische Sprache zu erlernen und die chinesische Kultur kennenzulernen. Die beteiligten Schulen pflegen auch einen regelm\u00e4\u00dfigen Austausch mit Xue Jun High School in Hangzhou\/China. Alles Weitere finden Sie hier: Zeitplan f\u00fcr Sprachenberatung Chinesisch 2020 2021 <a href=\"http:\/\/msm-krefeld.de\/wp\/chinesisch-lernen-chinesisch-kurs-der-krefelder-schulen\/\" class=\"more-link\">...weiterlesen<span class=\"screen-reader-text\"> \"Chinesisch lernen &#8211; Chinesisch Kurs der Krefelder Schulen\"<\/span><\/a><\/p>\n","protected":false},"author":4,"featured_media":0,"parent":0,"menu_order":0,"comment_status":"closed","ping_status":"closed","template":"","meta":{"spay_email":""},"jetpack_shortlink":"https:\/\/wp.me\/P7JAwp-TV","_links":{"self":[{"href":"http:\/\/msm-krefeld.de\/wp\/wp-json\/wp\/v2\/pages\/3467"}],"collection":[{"href":"http:\/\/msm-krefeld.de\/wp\/wp-json\/wp\/v2\/pages"}],"about":[{"href":"http:\/\/msm-krefeld.de\/wp\/wp-json\/wp\/v2\/types\/page"}],"author":[{"embeddable":true,"href":"http:\/\/msm-krefeld.de\/wp\/wp-json\/wp\/v2\/users\/4"}],"replies":[{"embeddable":true,"href":"http:\/\/msm-krefeld.de\/wp\/wp-json\/wp\/v2\/comments?post=3467"}],"version-history":[{"count":3,"href":"http:\/\/msm-krefeld.de\/wp\/wp-json\/wp\/v2\/pages\/3467\/revisions"}],"predecessor-version":[{"id":3474,"href":"http:\/\/msm-krefeld.de\/wp\/wp-json\/wp\/v2\/pages\/3467\/revisions\/3474"}],"wp:attachment":[{"href":"http:\/\/msm-krefeld.de\/wp\/wp-json\/wp\/v2\/media?parent=3467"}],"curies":[{"name":"wp","href":"https:\/\/api.w.org\/{rel}","templated":true}]}}