{"id":152,"date":"2016-07-21T17:33:57","date_gmt":"2016-07-21T16:33:57","guid":{"rendered":"http:\/\/msm-krefeld.de\/wp\/?page_id=152"},"modified":"2016-07-21T17:34:14","modified_gmt":"2016-07-21T16:34:14","slug":"lage-und-anfahrt","status":"publish","type":"page","link":"http:\/\/msm-krefeld.de\/wp\/unsere-schule\/lage-und-anfahrt\/","title":{"rendered":"Lage und Anfahrt"},"content":{"rendered":"<p>Das Maria-Sibylla-Merian-Gymnasium liegt abseits belebter Stra\u00dfen im S\u00fcden von Krefeld, zwischen der Krefelder Innenstadt und dem Stadtteil Fischeln im Stadtteil K\u00f6nigshof.<\/p>\n<p><strong>Adresse:<\/strong><br \/>\nJohannes-Blum-Stra\u00dfe 101<br \/>\n47807 Krefeld<\/p>\n<p><strong>Anreise mit \u00f6ffentlichen Nahverkehrsmitteln:<\/strong><br \/>\nK-Bahn: Haltestelle \"K\u00f6nigshof\"<br \/>\nStra\u00dfenbahnlinie 041: Haltestelle \"Von-Ketteler-Sra\u00dfe\"<br \/>\nBuslinie 058: Haltestelle \"Johannes-Blum-Stra\u00dfe\"<\/p>\n<p>--&gt; <a href=\"http:\/\/www.vrr.de\/de\/\" target=\"_blank\">Link zur Homepage des Verkehrsverbunds Rhein Ruhr (VRR)<\/a><\/p>\n<p><strong>Anreise mit dem Auto:<\/strong><\/p>\n<ul>\n<li><span style=\"text-decoration: underline;\">aus Krefeld-Innenstadt kommend:<\/span>\u00a0Sie fahren die K\u00f6lner Stra\u00dfe in Richtung Fischeln. In H\u00f6he des Fischelner Hallenbades biegen Sie links in die Johannes-Blum-Stra\u00dfe ein.<\/li>\n<li><span style=\"text-decoration: underline;\">aus Richtung D\u00fcsseldorf\/K\u00f6ln (A57) kommend:<\/span> Am Autobahnkreuz Str\u00fcmp fahren Sie auf die A44 in Richtung M\u00f6nchengladbach. Sie nehmen die Ausfahrt Krefeld-Fischeln und fahren dann auf der K\u00f6lner Stra\u00dfe in Richtung Fischeln, durch Fischeln und in H\u00f6he des Fischelner Hallenbades biegen Sie rechts in die Johannes-Blum-Stra\u00dfe ein.<\/li>\n<\/ul>\n","protected":false},"excerpt":{"rendered":"<p>Das Maria-Sibylla-Merian-Gymnasium liegt abseits belebter Stra\u00dfen im S\u00fcden von Krefeld, zwischen der Krefelder Innenstadt und dem Stadtteil Fischeln im Stadtteil K\u00f6nigshof. Adresse: Johannes-Blum-Stra\u00dfe 101 47807 Krefeld Anreise mit \u00f6ffentlichen Nahverkehrsmitteln: K-Bahn: Haltestelle \"K\u00f6nigshof\" Stra\u00dfenbahnlinie 041: Haltestelle \"Von-Ketteler-Sra\u00dfe\" Buslinie 058: Haltestelle \"Johannes-Blum-Stra\u00dfe\" --&gt; Link zur Homepage des Verkehrsverbunds Rhein Ruhr (VRR) Anreise mit dem Auto: aus <a href=\"http:\/\/msm-krefeld.de\/wp\/unsere-schule\/lage-und-anfahrt\/\" class=\"more-link\">...weiterlesen<span class=\"screen-reader-text\"> \"Lage und Anfahrt\"<\/span><\/a><\/p>\n","protected":false},"author":1,"featured_media":0,"parent":49,"menu_order":1,"comment_status":"closed","ping_status":"closed","template":"","meta":{"spay_email":""},"jetpack_shortlink":"https:\/\/wp.me\/P7JAwp-2s","_links":{"self":[{"href":"http:\/\/msm-krefeld.de\/wp\/wp-json\/wp\/v2\/pages\/152"}],"collection":[{"href":"http:\/\/msm-krefeld.de\/wp\/wp-json\/wp\/v2\/pages"}],"about":[{"href":"http:\/\/msm-krefeld.de\/wp\/wp-json\/wp\/v2\/types\/page"}],"author":[{"embeddable":true,"href":"http:\/\/msm-krefeld.de\/wp\/wp-json\/wp\/v2\/users\/1"}],"replies":[{"embeddable":true,"href":"http:\/\/msm-krefeld.de\/wp\/wp-json\/wp\/v2\/comments?post=152"}],"version-history":[{"count":1,"href":"http:\/\/msm-krefeld.de\/wp\/wp-json\/wp\/v2\/pages\/152\/revisions"}],"predecessor-version":[{"id":153,"href":"http:\/\/msm-krefeld.de\/wp\/wp-json\/wp\/v2\/pages\/152\/revisions\/153"}],"up":[{"embeddable":true,"href":"http:\/\/msm-krefeld.de\/wp\/wp-json\/wp\/v2\/pages\/49"}],"wp:attachment":[{"href":"http:\/\/msm-krefeld.de\/wp\/wp-json\/wp\/v2\/media?parent=152"}],"curies":[{"name":"wp","href":"https:\/\/api.w.org\/{rel}","templated":true}]}}